{"id":99,"date":"2023-06-20T15:50:57","date_gmt":"2023-06-20T15:50:57","guid":{"rendered":"https:\/\/ainalimentaciosana.com\/?page_id=99"},"modified":"2025-02-11T09:22:59","modified_gmt":"2025-02-11T09:22:59","slug":"contacte","status":"publish","type":"page","link":"https:\/\/ainalimentaciosana.com\/es\/contacte\/","title":{"rendered":"CONTACTO"},"content":{"rendered":"<p>[et_pb_section fb_built=&#8221;1&#8243; _builder_version=&#8221;4.21.0&#8243; _module_preset=&#8221;default&#8221; global_colors_info=&#8221;{}&#8221;][et_pb_row column_structure=&#8221;1_2,1_2&#8243; _builder_version=&#8221;4.21.0&#8243; _module_preset=&#8221;default&#8221; width=&#8221;90%&#8221; max_width=&#8221;1500px&#8221; global_colors_info=&#8221;{}&#8221;][et_pb_column type=&#8221;1_2&#8243; _builder_version=&#8221;4.21.0&#8243; _module_preset=&#8221;default&#8221; global_colors_info=&#8221;{}&#8221;][et_pb_text _builder_version=&#8221;4.21.0&#8243; _module_preset=&#8221;default&#8221; text_font=&#8221;Manrope||||||||&#8221; text_text_color=&#8221;#000000&#8243; header_font=&#8221;Noto Serif||||||||&#8221; header_text_color=&#8221;#000000&#8243; header_font_size=&#8221;50px&#8221; custom_padding=&#8221;||0px|||&#8221; locked=&#8221;off&#8221; global_colors_info=&#8221;{}&#8221;]<\/p>\n<h1>CONTACTE<\/h1>\n<p>[\/et_pb_text][et_pb_text _builder_version=&#8221;4.21.0&#8243; _module_preset=&#8221;default&#8221; text_font=&#8221;Manrope||||||||&#8221; text_font_size=&#8221;20px&#8221; global_colors_info=&#8221;{}&#8221;]<\/p>\n<p>Pots trobar-me i demanar cita:<br \/>Pla\u00e7a Independ\u00e8ncia, 6 2n 2a<br \/>08241 Manresa<\/p>\n<p>[\/et_pb_text][et_pb_code _builder_version=&#8221;4.21.0&#8243; _module_preset=&#8221;default&#8221; global_colors_info=&#8221;{}&#8221;]<\/p>\n<div style=\"width: 100%\"><iframe loading=\"lazy\" width=\"100%\" height=\"600\" frameborder=\"0\" scrolling=\"no\" marginheight=\"0\" marginwidth=\"0\" src=\"https:\/\/maps.google.com\/maps?width=100%25&#038;height=600&#038;hl=en&#038;q=Aina%20Rabasa%20Nutrici%C3%B3n+(My%20Business%20Name)&#038;t=&#038;z=14&#038;ie=UTF8&#038;iwloc=B&#038;output=embed\"><a href=\"https:\/\/www.maps.ie\/population\/\">Population mapping<\/a><\/iframe><\/div>\n<p>[\/et_pb_code][\/et_pb_column][et_pb_column type=&#8221;1_2&#8243; _builder_version=&#8221;4.21.0&#8243; _module_preset=&#8221;default&#8221; global_colors_info=&#8221;{}&#8221;][et_pb_text _builder_version=&#8221;4.24.1&#8243; _module_preset=&#8221;default&#8221; text_font=&#8221;Manrope||||||||&#8221; text_font_size=&#8221;16px&#8221; text_line_height=&#8221;1.1em&#8221; global_colors_info=&#8221;{}&#8221;]<\/p>\n<p>Si vols m\u00e9s informaci\u00f3 o demanar cita, omple el formulari de contacte:<\/p>\n<p><em>Els camps marcats amb * son obligatoris.<\/em><\/p>\n<p>&nbsp;<\/p>\n<p>Tamb\u00e9 pots posar-te en contacte:<\/p>\n<p>\u260e\ufe0f Trucant al <strong>(+34) 653965058\u00a0<\/strong><\/p>\n<p>\ud83d\udce5 Enviant un correu a<strong><a href=\"mailto:aina.alimentaciosana@gmail.com\"> <\/a><a href=\"mailto:aina.alimentaciosana@gmail.com\">aina.alimentaciosana@gmail.com<\/a><a href=\"mailto:aina.alimentaciosana@gmail.com\"><\/a><\/strong><\/p>\n<p>O al nostre Instagram:<strong><a href=\"https:\/\/www.instagram.com\/aina.alimentaciosana\/\">@aina.alimentaciosana<\/a><\/p>\n<p><\/strong><\/p>\n<p><strong><\/strong><\/p>\n<p>&nbsp;<\/p>\n<p>[\/et_pb_text][et_pb_code _builder_version=&#8221;4.27.0&#8243; _module_preset=&#8221;default&#8221; custom_margin=&#8221;-115px||||false|false&#8221; hover_enabled=&#8221;0&#8243; global_colors_info=&#8221;{}&#8221; sticky_enabled=&#8221;0&#8243;]<style id=\"wpforms-css-vars-1126\">\n\t\t\t\t#wpforms-1126 {\n\t\t\t\t\n\t\t\t}\n\t\t\t<\/style><div class=\"wpforms-container wpforms-container-full wpforms-render-modern\" id=\"wpforms-1126\"><form id=\"wpforms-form-1126\" class=\"wpforms-validate wpforms-form wpforms-ajax-form\" data-formid=\"1126\" method=\"post\" enctype=\"multipart\/form-data\" action=\"\/es\/wp-json\/wp\/v2\/pages\/99\" data-token=\"8c76a109d68d0848d1a2071b652a5a0a\" data-token-time=\"1777558219\"><noscript class=\"wpforms-error-noscript\">Por favor, activa JavaScript en tu navegador para completar este formulario.<\/noscript><div id=\"wpforms-error-noscript\" style=\"display: none;\">Por favor, activa JavaScript en tu navegador para completar este formulario.<\/div><div class=\"wpforms-field-container\"><div id=\"wpforms-1126-field_1-container\" class=\"wpforms-field wpforms-field-name\" data-field-id=\"1\"><fieldset><legend class=\"wpforms-field-label\">Nom <span class=\"wpforms-required-label\" aria-hidden=\"true\">*<\/span><\/legend><div class=\"wpforms-field-row wpforms-field-medium\"><div class=\"wpforms-field-row-block wpforms-first wpforms-one-half\"><input type=\"text\" id=\"wpforms-1126-field_1\" class=\"wpforms-field-name-first wpforms-field-required\" name=\"wpforms[fields][1][first]\" aria-errormessage=\"wpforms-1126-field_1-error\" required><label for=\"wpforms-1126-field_1\" class=\"wpforms-field-sublabel after\">Nombre<\/label><\/div><div class=\"wpforms-field-row-block wpforms-one-half\"><input type=\"text\" id=\"wpforms-1126-field_1-last\" class=\"wpforms-field-name-last wpforms-field-required\" name=\"wpforms[fields][1][last]\" aria-errormessage=\"wpforms-1126-field_1-last-error\" required><label for=\"wpforms-1126-field_1-last\" class=\"wpforms-field-sublabel after\">Apellidos<\/label><\/div><\/div><\/fieldset><\/div><div id=\"wpforms-1126-field_4-container\" class=\"wpforms-field wpforms-field-number\" data-field-id=\"4\"><label class=\"wpforms-field-label\" for=\"wpforms-1126-field_4\">Tel\u00e8fon<\/label><input type=\"number\" id=\"wpforms-1126-field_4\" class=\"wpforms-field-medium\" name=\"wpforms[fields][4]\" step=\"any\" aria-errormessage=\"wpforms-1126-field_4-error\" ><\/div><div id=\"wpforms-1126-field_2-container\" class=\"wpforms-field wpforms-field-email\" data-field-id=\"2\"><label class=\"wpforms-field-label\" for=\"wpforms-1126-field_2\">Correu Electr\u00f2nic <span class=\"wpforms-required-label\" aria-hidden=\"true\">*<\/span><\/label><input type=\"email\" id=\"wpforms-1126-field_2\" class=\"wpforms-field-medium wpforms-field-required\" name=\"wpforms[fields][2]\" spellcheck=\"false\" aria-errormessage=\"wpforms-1126-field_2-error\" required><\/div>\t\t<div id=\"wpforms-1126-field_6-container\"\n\t\t\tclass=\"wpforms-field wpforms-field-text\"\n\t\t\tdata-field-type=\"text\"\n\t\t\tdata-field-id=\"6\"\n\t\t\t>\n\t\t\t<label class=\"wpforms-field-label\" for=\"wpforms-1126-field_6\" >Missatge Nom Electr\u00f2nic<\/label>\n\t\t\t<input type=\"text\" id=\"wpforms-1126-field_6\" class=\"wpforms-field-medium\" name=\"wpforms[fields][6]\" >\n\t\t<\/div>\n\t\t<div id=\"wpforms-1126-field_5-container\" class=\"wpforms-field wpforms-field-text\" data-field-id=\"5\"><label class=\"wpforms-field-label\" for=\"wpforms-1126-field_5\">Ciutat de resid\u00e8ncia<\/label><input type=\"text\" id=\"wpforms-1126-field_5\" class=\"wpforms-field-medium\" name=\"wpforms[fields][5]\" aria-errormessage=\"wpforms-1126-field_5-error\" ><\/div><div id=\"wpforms-1126-field_3-container\" class=\"wpforms-field wpforms-field-textarea\" data-field-id=\"3\"><label class=\"wpforms-field-label\" for=\"wpforms-1126-field_3\">Missatge <span class=\"wpforms-required-label\" aria-hidden=\"true\">*<\/span><\/label><textarea id=\"wpforms-1126-field_3\" class=\"wpforms-field-medium wpforms-field-required\" name=\"wpforms[fields][3]\" aria-errormessage=\"wpforms-1126-field_3-error\" required><\/textarea><\/div><script>\n\t\t\t\t( function() {\n\t\t\t\t\tconst style = document.createElement( 'style' );\n\t\t\t\t\tstyle.appendChild( document.createTextNode( '#wpforms-1126-field_6-container { position: absolute !important; overflow: hidden !important; display: inline !important; height: 1px !important; width: 1px !important; z-index: -1000 !important; padding: 0 !important; } #wpforms-1126-field_6-container input { visibility: hidden; } #wpforms-conversational-form-page #wpforms-1126-field_6-container label { counter-increment: none; }' ) );\n\t\t\t\t\tdocument.head.appendChild( style );\n\t\t\t\t\tdocument.currentScript?.remove();\n\t\t\t\t} )();\n\t\t\t<\/script><\/div><!-- .wpforms-field-container --><div class=\"wpforms-recaptcha-container wpforms-is-turnstile\" ><div class=\"wpforms-turnstile\" data-sitekey=\"0x4AAAAAAA8W9OpWaMLxVCAY\" data-action=\"FormID-1126\"><\/div><input type=\"text\" name=\"g-recaptcha-hidden\" class=\"wpforms-recaptcha-hidden\" style=\"position:absolute!important;clip:rect(0,0,0,0)!important;height:1px!important;width:1px!important;border:0!important;overflow:hidden!important;padding:0!important;margin:0!important;\" data-rule-turnstile=\"1\"><\/div><div class=\"wpforms-submit-container\" ><input type=\"hidden\" name=\"wpforms[id]\" value=\"1126\"><input type=\"hidden\" name=\"page_title\" value=\"\"><input type=\"hidden\" name=\"page_url\" value=\"https:\/\/ainalimentaciosana.com\/es\/wp-json\/wp\/v2\/pages\/99\"><input type=\"hidden\" name=\"url_referer\" value=\"\"><button type=\"submit\" name=\"wpforms[submit]\" id=\"wpforms-submit-1126\" class=\"wpforms-submit\" data-alt-text=\"Enviant...\" data-submit-text=\"Enviar\" aria-live=\"assertive\" value=\"wpforms-submit\">Enviar<\/button><img loading=\"lazy\" decoding=\"async\" src=\"https:\/\/ainalimentaciosana.com\/wp-content\/plugins\/wpforms-lite\/assets\/images\/submit-spin.svg\" class=\"wpforms-submit-spinner\" style=\"display: none;\" width=\"26\" height=\"26\" alt=\"Cargando\"><\/div><\/form><\/div>  <!-- .wpforms-container -->[\/et_pb_code][\/et_pb_column][\/et_pb_row][\/et_pb_section]<\/p>\n","protected":false},"excerpt":{"rendered":"<p>CONTACTEPots trobar-me i demanar cita:Pla\u00e7a Independ\u00e8ncia, 6 2n 2a08241 ManresaSi vols m\u00e9s informaci\u00f3 o demanar cita, omple el formulari de contacte: Els camps marcats amb * son obligatoris. &nbsp; Tamb\u00e9 pots posar-te en contacte: \u260e\ufe0f Trucant al (+34) 653965058\u00a0 \ud83d\udce5 Enviant un correu a aina.alimentaciosana@gmail.com O al nostre Instagram:@aina.alimentaciosana &nbsp;<style id=\"wpforms-css-vars-1126\">\n\t\t\t\t#wpforms-1126 {\n\t\t\t\t\n\t\t\t}\n\t\t\t<\/style><div class=\"wpforms-container wpforms-container-full wpforms-render-modern\" id=\"wpforms-1126\"><form id=\"wpforms-form-1126\" class=\"wpforms-validate wpforms-form wpforms-ajax-form\" data-formid=\"1126\" method=\"post\" enctype=\"multipart\/form-data\" action=\"\/es\/wp-json\/wp\/v2\/pages\/99\" data-token=\"8c76a109d68d0848d1a2071b652a5a0a\" data-token-time=\"1777558219\"><noscript class=\"wpforms-error-noscript\">Por favor, activa JavaScript en tu navegador para completar este formulario.<\/noscript><div id=\"wpforms-error-noscript\" style=\"display: none;\">Por favor, activa JavaScript en tu navegador para completar este formulario.<\/div><div class=\"wpforms-field-container\"><div id=\"wpforms-1126-field_1-container\" class=\"wpforms-field wpforms-field-name\" data-field-id=\"1\"><fieldset><legend class=\"wpforms-field-label\">Nom <span class=\"wpforms-required-label\" aria-hidden=\"true\">*<\/span><\/legend><div class=\"wpforms-field-row wpforms-field-medium\"><div class=\"wpforms-field-row-block wpforms-first wpforms-one-half\"><input type=\"text\" id=\"wpforms-1126-field_1\" class=\"wpforms-field-name-first wpforms-field-required\" name=\"wpforms[fields][1][first]\" aria-errormessage=\"wpforms-1126-field_1-error\" required><label for=\"wpforms-1126-field_1\" class=\"wpforms-field-sublabel after\">Nombre<\/label><\/div><div class=\"wpforms-field-row-block wpforms-one-half\"><input type=\"text\" id=\"wpforms-1126-field_1-last\" class=\"wpforms-field-name-last wpforms-field-required\" name=\"wpforms[fields][1][last]\" aria-errormessage=\"wpforms-1126-field_1-last-error\" required><label for=\"wpforms-1126-field_1-last\" class=\"wpforms-field-sublabel after\">Apellidos<\/label><\/div><\/div><\/fieldset><\/div><div id=\"wpforms-1126-field_4-container\" class=\"wpforms-field wpforms-field-number\" data-field-id=\"4\"><label class=\"wpforms-field-label\" for=\"wpforms-1126-field_4\">Tel\u00e8fon<\/label><input type=\"number\" id=\"wpforms-1126-field_4\" class=\"wpforms-field-medium\" name=\"wpforms[fields][4]\" step=\"any\" aria-errormessage=\"wpforms-1126-field_4-error\" ><\/div>\t\t<div id=\"wpforms-1126-field_6-container\"\n\t\t\tclass=\"wpforms-field wpforms-field-text\"\n\t\t\tdata-field-type=\"text\"\n\t\t\tdata-field-id=\"6\"\n\t\t\t>\n\t\t\t<label class=\"wpforms-field-label\" for=\"wpforms-1126-field_6\" >resid\u00e8ncia Missatge Electr\u00f2nic<\/label>\n\t\t\t<input type=\"text\" id=\"wpforms-1126-field_6\" class=\"wpforms-field-medium\" name=\"wpforms[fields][6]\" >\n\t\t<\/div>\n\t\t<div id=\"wpforms-1126-field_2-container\" class=\"wpforms-field wpforms-field-email\" data-field-id=\"2\"><label class=\"wpforms-field-label\" for=\"wpforms-1126-field_2\">Correu Electr\u00f2nic <span class=\"wpforms-required-label\" aria-hidden=\"true\">*<\/span><\/label><input type=\"email\" id=\"wpforms-1126-field_2\" class=\"wpforms-field-medium wpforms-field-required\" name=\"wpforms[fields][2]\" spellcheck=\"false\" aria-errormessage=\"wpforms-1126-field_2-error\" required><\/div><div id=\"wpforms-1126-field_5-container\" class=\"wpforms-field wpforms-field-text\" data-field-id=\"5\"><label class=\"wpforms-field-label\" for=\"wpforms-1126-field_5\">Ciutat de resid\u00e8ncia<\/label><input type=\"text\" id=\"wpforms-1126-field_5\" class=\"wpforms-field-medium\" name=\"wpforms[fields][5]\" aria-errormessage=\"wpforms-1126-field_5-error\" ><\/div><div id=\"wpforms-1126-field_3-container\" class=\"wpforms-field wpforms-field-textarea\" data-field-id=\"3\"><label class=\"wpforms-field-label\" for=\"wpforms-1126-field_3\">Missatge <span class=\"wpforms-required-label\" aria-hidden=\"true\">*<\/span><\/label><textarea id=\"wpforms-1126-field_3\" class=\"wpforms-field-medium wpforms-field-required\" name=\"wpforms[fields][3]\" aria-errormessage=\"wpforms-1126-field_3-error\" required><\/textarea><\/div><script>\n\t\t\t\t( function() {\n\t\t\t\t\tconst style = document.createElement( 'style' );\n\t\t\t\t\tstyle.appendChild( document.createTextNode( '#wpforms-1126-field_6-container { position: absolute !important; overflow: hidden !important; display: inline !important; height: 1px !important; width: 1px !important; z-index: -1000 !important; padding: 0 !important; } #wpforms-1126-field_6-container input { visibility: hidden; } #wpforms-conversational-form-page #wpforms-1126-field_6-container label { counter-increment: none; }' ) );\n\t\t\t\t\tdocument.head.appendChild( style );\n\t\t\t\t\tdocument.currentScript?.remove();\n\t\t\t\t} )();\n\t\t\t<\/script><\/div><!-- .wpforms-field-container --><div class=\"wpforms-recaptcha-container wpforms-is-turnstile\" ><div class=\"wpforms-turnstile\" data-sitekey=\"0x4AAAAAAA8W9OpWaMLxVCAY\" data-action=\"FormID-1126\"><\/div><input type=\"text\" name=\"g-recaptcha-hidden\" class=\"wpforms-recaptcha-hidden\" style=\"position:absolute!important;clip:rect(0,0,0,0)!important;height:1px!important;width:1px!important;border:0!important;overflow:hidden!important;padding:0!important;margin:0!important;\" data-rule-turnstile=\"1\"><\/div><div class=\"wpforms-submit-container\" ><input type=\"hidden\" name=\"wpforms[id]\" value=\"1126\"><input type=\"hidden\" name=\"page_title\" value=\"\"><input type=\"hidden\" name=\"page_url\" value=\"https:\/\/ainalimentaciosana.com\/es\/wp-json\/wp\/v2\/pages\/99\"><input type=\"hidden\" name=\"url_referer\" value=\"\"><button type=\"submit\" name=\"wpforms[submit]\" id=\"wpforms-submit-1126\" class=\"wpforms-submit\" data-alt-text=\"Enviant...\" data-submit-text=\"Enviar\" aria-live=\"assertive\" value=\"wpforms-submit\">Enviar<\/button><img loading=\"lazy\" decoding=\"async\" src=\"https:\/\/ainalimentaciosana.com\/wp-content\/plugins\/wpforms-lite\/assets\/images\/submit-spin.svg\" class=\"wpforms-submit-spinner\" style=\"display: none;\" width=\"26\" height=\"26\" alt=\"Cargando\"><\/div><\/form><\/div>  <!-- .wpforms-container --><\/p>\n","protected":false},"author":1,"featured_media":0,"parent":0,"menu_order":0,"comment_status":"closed","ping_status":"closed","template":"","meta":{"_et_pb_use_builder":"on","_et_pb_old_content":"","_et_gb_content_width":"","_joinchat":[],"footnotes":""},"class_list":["post-99","page","type-page","status-publish","hentry"],"yoast_head":"<!-- This site is optimized with the Yoast SEO plugin v27.3 - https:\/\/yoast.com\/product\/yoast-seo-wordpress\/ -->\n<title>CONTACTE - Aina Alimentaci\u00f3 Sana<\/title>\n<meta name=\"description\" content=\"Pots trobar-me i demanar cita per la meva consultade nutrici\u00f3 a Manresa: Pla\u00e7a Independ\u00e8ncia, 6 2n2a08241 Manresa\" \/>\n<meta name=\"robots\" content=\"index, follow, max-snippet:-1, max-image-preview:large, max-video-preview:-1\" \/>\n<link rel=\"canonical\" href=\"https:\/\/ainalimentaciosana.com\/es\/contacte\/\" \/>\n<meta property=\"og:locale\" content=\"es_ES\" \/>\n<meta property=\"og:type\" content=\"article\" \/>\n<meta property=\"og:title\" content=\"CONTACTE - Aina Alimentaci\u00f3 Sana\" \/>\n<meta property=\"og:description\" content=\"Pots trobar-me i demanar cita per la meva consultade nutrici\u00f3 a Manresa: Pla\u00e7a Independ\u00e8ncia, 6 2n2a08241 Manresa\" \/>\n<meta property=\"og:url\" content=\"https:\/\/ainalimentaciosana.com\/es\/contacte\/\" \/>\n<meta property=\"og:site_name\" content=\"Aina Alimentaci\u00f3 Sana\" \/>\n<meta property=\"article:modified_time\" content=\"2025-02-11T09:22:59+00:00\" \/>\n<meta name=\"twitter:card\" content=\"summary_large_image\" \/>\n<meta name=\"twitter:label1\" content=\"Tiempo de lectura\" \/>\n\t<meta name=\"twitter:data1\" content=\"2 minutos\" \/>\n<script type=\"application\/ld+json\" class=\"yoast-schema-graph\">{\"@context\":\"https:\\\/\\\/schema.org\",\"@graph\":[{\"@type\":\"WebPage\",\"@id\":\"https:\\\/\\\/ainalimentaciosana.com\\\/contacte\\\/\",\"url\":\"https:\\\/\\\/ainalimentaciosana.com\\\/contacte\\\/\",\"name\":\"CONTACTE - Aina Alimentaci\u00f3 Sana\",\"isPartOf\":{\"@id\":\"https:\\\/\\\/ainalimentaciosana.com\\\/#website\"},\"datePublished\":\"2023-06-20T15:50:57+00:00\",\"dateModified\":\"2025-02-11T09:22:59+00:00\",\"description\":\"Pots trobar-me i demanar cita per la meva consultade nutrici\u00f3 a Manresa: Pla\u00e7a Independ\u00e8ncia, 6 2n2a08241 Manresa\",\"breadcrumb\":{\"@id\":\"https:\\\/\\\/ainalimentaciosana.com\\\/contacte\\\/#breadcrumb\"},\"inLanguage\":\"es\",\"potentialAction\":[{\"@type\":\"ReadAction\",\"target\":[\"https:\\\/\\\/ainalimentaciosana.com\\\/contacte\\\/\"]}]},{\"@type\":\"BreadcrumbList\",\"@id\":\"https:\\\/\\\/ainalimentaciosana.com\\\/contacte\\\/#breadcrumb\",\"itemListElement\":[{\"@type\":\"ListItem\",\"position\":1,\"name\":\"Portada\",\"item\":\"https:\\\/\\\/ainalimentaciosana.com\\\/\"},{\"@type\":\"ListItem\",\"position\":2,\"name\":\"CONTACTE\"}]},{\"@type\":\"WebSite\",\"@id\":\"https:\\\/\\\/ainalimentaciosana.com\\\/#website\",\"url\":\"https:\\\/\\\/ainalimentaciosana.com\\\/\",\"name\":\"Aina Alimentaci\u00f3 Sana\",\"description\":\"\",\"publisher\":{\"@id\":\"https:\\\/\\\/ainalimentaciosana.com\\\/#organization\"},\"potentialAction\":[{\"@type\":\"SearchAction\",\"target\":{\"@type\":\"EntryPoint\",\"urlTemplate\":\"https:\\\/\\\/ainalimentaciosana.com\\\/?s={search_term_string}\"},\"query-input\":{\"@type\":\"PropertyValueSpecification\",\"valueRequired\":true,\"valueName\":\"search_term_string\"}}],\"inLanguage\":\"es\"},{\"@type\":\"Organization\",\"@id\":\"https:\\\/\\\/ainalimentaciosana.com\\\/#organization\",\"name\":\"Aina Alimentaci\u00f3 Sana\",\"url\":\"https:\\\/\\\/ainalimentaciosana.com\\\/\",\"logo\":{\"@type\":\"ImageObject\",\"inLanguage\":\"es\",\"@id\":\"https:\\\/\\\/ainalimentaciosana.com\\\/#\\\/schema\\\/logo\\\/image\\\/\",\"url\":\"https:\\\/\\\/ainalimentaciosana.com\\\/wp-content\\\/uploads\\\/2023\\\/06\\\/Diseno-sin-titulo-4.png\",\"contentUrl\":\"https:\\\/\\\/ainalimentaciosana.com\\\/wp-content\\\/uploads\\\/2023\\\/06\\\/Diseno-sin-titulo-4.png\",\"width\":1080,\"height\":1080,\"caption\":\"Aina Alimentaci\u00f3 Sana\"},\"image\":{\"@id\":\"https:\\\/\\\/ainalimentaciosana.com\\\/#\\\/schema\\\/logo\\\/image\\\/\"}}]}<\/script>\n<!-- \/ Yoast SEO plugin. -->","yoast_head_json":{"title":"CONTACTE - Aina Alimentaci\u00f3 Sana","description":"Pots trobar-me i demanar cita per la meva consultade nutrici\u00f3 a Manresa: Pla\u00e7a Independ\u00e8ncia, 6 2n2a08241 Manresa","robots":{"index":"index","follow":"follow","max-snippet":"max-snippet:-1","max-image-preview":"max-image-preview:large","max-video-preview":"max-video-preview:-1"},"canonical":"https:\/\/ainalimentaciosana.com\/es\/contacte\/","og_locale":"es_ES","og_type":"article","og_title":"CONTACTE - Aina Alimentaci\u00f3 Sana","og_description":"Pots trobar-me i demanar cita per la meva consultade nutrici\u00f3 a Manresa: Pla\u00e7a Independ\u00e8ncia, 6 2n2a08241 Manresa","og_url":"https:\/\/ainalimentaciosana.com\/es\/contacte\/","og_site_name":"Aina Alimentaci\u00f3 Sana","article_modified_time":"2025-02-11T09:22:59+00:00","twitter_card":"summary_large_image","twitter_misc":{"Tiempo de lectura":"2 minutos"},"schema":{"@context":"https:\/\/schema.org","@graph":[{"@type":"WebPage","@id":"https:\/\/ainalimentaciosana.com\/contacte\/","url":"https:\/\/ainalimentaciosana.com\/contacte\/","name":"CONTACTE - Aina Alimentaci\u00f3 Sana","isPartOf":{"@id":"https:\/\/ainalimentaciosana.com\/#website"},"datePublished":"2023-06-20T15:50:57+00:00","dateModified":"2025-02-11T09:22:59+00:00","description":"Pots trobar-me i demanar cita per la meva consultade nutrici\u00f3 a Manresa: Pla\u00e7a Independ\u00e8ncia, 6 2n2a08241 Manresa","breadcrumb":{"@id":"https:\/\/ainalimentaciosana.com\/contacte\/#breadcrumb"},"inLanguage":"es","potentialAction":[{"@type":"ReadAction","target":["https:\/\/ainalimentaciosana.com\/contacte\/"]}]},{"@type":"BreadcrumbList","@id":"https:\/\/ainalimentaciosana.com\/contacte\/#breadcrumb","itemListElement":[{"@type":"ListItem","position":1,"name":"Portada","item":"https:\/\/ainalimentaciosana.com\/"},{"@type":"ListItem","position":2,"name":"CONTACTE"}]},{"@type":"WebSite","@id":"https:\/\/ainalimentaciosana.com\/#website","url":"https:\/\/ainalimentaciosana.com\/","name":"Aina Alimentaci\u00f3 Sana","description":"","publisher":{"@id":"https:\/\/ainalimentaciosana.com\/#organization"},"potentialAction":[{"@type":"SearchAction","target":{"@type":"EntryPoint","urlTemplate":"https:\/\/ainalimentaciosana.com\/?s={search_term_string}"},"query-input":{"@type":"PropertyValueSpecification","valueRequired":true,"valueName":"search_term_string"}}],"inLanguage":"es"},{"@type":"Organization","@id":"https:\/\/ainalimentaciosana.com\/#organization","name":"Aina Alimentaci\u00f3 Sana","url":"https:\/\/ainalimentaciosana.com\/","logo":{"@type":"ImageObject","inLanguage":"es","@id":"https:\/\/ainalimentaciosana.com\/#\/schema\/logo\/image\/","url":"https:\/\/ainalimentaciosana.com\/wp-content\/uploads\/2023\/06\/Diseno-sin-titulo-4.png","contentUrl":"https:\/\/ainalimentaciosana.com\/wp-content\/uploads\/2023\/06\/Diseno-sin-titulo-4.png","width":1080,"height":1080,"caption":"Aina Alimentaci\u00f3 Sana"},"image":{"@id":"https:\/\/ainalimentaciosana.com\/#\/schema\/logo\/image\/"}}]}},"_links":{"self":[{"href":"https:\/\/ainalimentaciosana.com\/es\/wp-json\/wp\/v2\/pages\/99","targetHints":{"allow":["GET"]}}],"collection":[{"href":"https:\/\/ainalimentaciosana.com\/es\/wp-json\/wp\/v2\/pages"}],"about":[{"href":"https:\/\/ainalimentaciosana.com\/es\/wp-json\/wp\/v2\/types\/page"}],"author":[{"embeddable":true,"href":"https:\/\/ainalimentaciosana.com\/es\/wp-json\/wp\/v2\/users\/1"}],"replies":[{"embeddable":true,"href":"https:\/\/ainalimentaciosana.com\/es\/wp-json\/wp\/v2\/comments?post=99"}],"version-history":[{"count":69,"href":"https:\/\/ainalimentaciosana.com\/es\/wp-json\/wp\/v2\/pages\/99\/revisions"}],"predecessor-version":[{"id":1148,"href":"https:\/\/ainalimentaciosana.com\/es\/wp-json\/wp\/v2\/pages\/99\/revisions\/1148"}],"wp:attachment":[{"href":"https:\/\/ainalimentaciosana.com\/es\/wp-json\/wp\/v2\/media?parent=99"}],"curies":[{"name":"wp","href":"https:\/\/api.w.org\/{rel}","templated":true}]}}