{"id":86,"date":"2023-06-20T14:26:43","date_gmt":"2023-06-20T14:26:43","guid":{"rendered":"https:\/\/ainalimentaciosana.com\/?page_id=86"},"modified":"2024-02-19T15:02:21","modified_gmt":"2024-02-19T15:02:21","slug":"serveis","status":"publish","type":"page","link":"https:\/\/ainalimentaciosana.com\/es\/serveis\/","title":{"rendered":"SERVICIOS"},"content":{"rendered":"<p>[et_pb_section fb_built=&#8221;1&#8243; _builder_version=&#8221;4.21.0&#8243; _module_preset=&#8221;default&#8221; background_enable_color=&#8221;off&#8221; background_image=&#8221;https:\/\/ainalimentaciosana.com\/wp-content\/uploads\/2023\/06\/3-1.png&#8221; global_colors_info=&#8221;{}&#8221;][et_pb_row _builder_version=&#8221;4.21.0&#8243; _module_preset=&#8221;default&#8221; custom_padding=&#8221;1px|||||&#8221; global_colors_info=&#8221;{}&#8221;][et_pb_column type=&#8221;4_4&#8243; _builder_version=&#8221;4.21.0&#8243; _module_preset=&#8221;default&#8221; global_colors_info=&#8221;{}&#8221;][et_pb_text _builder_version=&#8221;4.21.0&#8243; _module_preset=&#8221;default&#8221; text_font=&#8221;Manrope||||||||&#8221; header_font=&#8221;Noto Serif||||||||&#8221; header_font_size=&#8221;50px&#8221; header_2_font_size=&#8221;22px&#8221; header_3_font_size=&#8221;30px&#8221; hover_enabled=&#8221;0&#8243; global_colors_info=&#8221;{}&#8221; sticky_enabled=&#8221;0&#8243; custom_padding=&#8221;||47px||false|false&#8221;]<\/p>\n<h1 style=\"text-align: center;\">SERVEIS<\/h1>\n<p>&nbsp;<\/p>\n<h2 style=\"text-align: center;\">Vols millorar la teva alimentaci\u00f3 per assolir els teus objectius?<\/h2>\n<h3 style=\"text-align: center;\"><strong>L&#8217;ALIMENTACI\u00d3 \u00c9S LA BASE D&#8217;UNA VIDA SALUDABLE<\/strong><\/h3>\n<p><strong><\/strong><\/p>\n<p><strong><\/strong><\/p>\n<p>[\/et_pb_text][\/et_pb_column][\/et_pb_row][et_pb_row _builder_version=&#8221;4.21.0&#8243; _module_preset=&#8221;default&#8221; width=&#8221;86.5%&#8221; module_alignment=&#8221;center&#8221; border_color_all=&#8221;#000000&#8243; global_colors_info=&#8221;{}&#8221;][et_pb_column type=&#8221;4_4&#8243; _builder_version=&#8221;4.21.0&#8243; _module_preset=&#8221;default&#8221; global_colors_info=&#8221;{}&#8221;][et_pb_portfolio fullwidth=&#8221;off&#8221; posts_number=&#8221;16&#8243; include_categories=&#8221;current&#8221; show_pagination=&#8221;off&#8221; zoom_icon_color=&#8221;#0C71C3&#8243; hover_icon=&#8221;&#x70;||divi||400&#8243; _builder_version=&#8221;4.21.0&#8243; _module_preset=&#8221;default&#8221; title_font_size=&#8221;17px&#8221; transform_scale=&#8221;124%|111%&#8221; width=&#8221;85.8%&#8221; width_tablet=&#8221;85.8%&#8221; width_phone=&#8221;75.1%&#8221; width_last_edited=&#8221;on|tablet&#8221; module_alignment=&#8221;center&#8221; custom_margin=&#8221;|26px||90px||&#8221; custom_margin_tablet=&#8221;|0px||0px|false|false&#8221; custom_margin_phone=&#8221;|0px||0px|false|false&#8221; custom_margin_last_edited=&#8221;on|tablet&#8221; custom_padding=&#8221;|0px||0px|false|false&#8221; custom_padding_tablet=&#8221;||||false|false&#8221; custom_padding_phone=&#8221;||||false|false&#8221; custom_padding_last_edited=&#8221;on|tablet&#8221; border_width_all=&#8221;0px&#8221; border_color_all=&#8221;#f4f4f4&#8243; border_style_all=&#8221;double&#8221; border_width_all_tablet=&#8221;0px&#8221; border_width_all_phone=&#8221;0px&#8221; border_width_all_last_edited=&#8221;on|tablet&#8221; border_radii_image=&#8221;on|10px|10px|10px|10px&#8221; box_shadow_style_image=&#8221;preset1&#8243; global_colors_info=&#8221;{}&#8221;][\/et_pb_portfolio][\/et_pb_column][\/et_pb_row][\/et_pb_section]<\/p>\n","protected":false},"excerpt":{"rendered":"<p>SERVEIS &nbsp; Vols millorar la teva alimentaci\u00f3 per assolir els teus objectius? L&#8217;ALIMENTACI\u00d3 \u00c9S LA BASE D&#8217;UNA VIDA SALUDABLE<\/p>","protected":false},"author":1,"featured_media":0,"parent":0,"menu_order":0,"comment_status":"closed","ping_status":"closed","template":"","meta":{"_et_pb_use_builder":"on","_et_pb_old_content":"","_et_gb_content_width":"","_joinchat":[],"footnotes":""},"class_list":["post-86","page","type-page","status-publish","hentry"],"yoast_head":"<!-- This site is optimized with the Yoast SEO plugin v27.3 - https:\/\/yoast.com\/product\/yoast-seo-wordpress\/ -->\n<title>SERVEIS - Aina Alimentaci\u00f3 Sana<\/title>\n<meta name=\"description\" content=\"Vols millorar la teva alimentaci\u00f3 per assolir els teus objectius?L\u2019ALIMENTACI\u00d3 \u00c9S LA BASE D\u2019UNA VIDA SALUDABLE\" \/>\n<meta name=\"robots\" content=\"index, follow, max-snippet:-1, max-image-preview:large, max-video-preview:-1\" \/>\n<link rel=\"canonical\" href=\"https:\/\/ainalimentaciosana.com\/es\/serveis\/\" \/>\n<meta property=\"og:locale\" content=\"es_ES\" \/>\n<meta property=\"og:type\" content=\"article\" \/>\n<meta property=\"og:title\" content=\"SERVEIS - Aina Alimentaci\u00f3 Sana\" \/>\n<meta property=\"og:description\" content=\"Vols millorar la teva alimentaci\u00f3 per assolir els teus objectius?L\u2019ALIMENTACI\u00d3 \u00c9S LA BASE D\u2019UNA VIDA SALUDABLE\" \/>\n<meta property=\"og:url\" content=\"https:\/\/ainalimentaciosana.com\/es\/serveis\/\" \/>\n<meta property=\"og:site_name\" content=\"Aina Alimentaci\u00f3 Sana\" \/>\n<meta property=\"article:modified_time\" content=\"2024-02-19T15:02:21+00:00\" \/>\n<meta name=\"twitter:card\" content=\"summary_large_image\" \/>\n<meta name=\"twitter:label1\" content=\"Tiempo de lectura\" \/>\n\t<meta name=\"twitter:data1\" content=\"1 minuto\" \/>\n<script type=\"application\/ld+json\" class=\"yoast-schema-graph\">{\"@context\":\"https:\\\/\\\/schema.org\",\"@graph\":[{\"@type\":\"WebPage\",\"@id\":\"https:\\\/\\\/ainalimentaciosana.com\\\/serveis\\\/\",\"url\":\"https:\\\/\\\/ainalimentaciosana.com\\\/serveis\\\/\",\"name\":\"SERVEIS - Aina Alimentaci\u00f3 Sana\",\"isPartOf\":{\"@id\":\"https:\\\/\\\/ainalimentaciosana.com\\\/#website\"},\"datePublished\":\"2023-06-20T14:26:43+00:00\",\"dateModified\":\"2024-02-19T15:02:21+00:00\",\"description\":\"Vols millorar la teva alimentaci\u00f3 per assolir els teus objectius?L\u2019ALIMENTACI\u00d3 \u00c9S LA BASE D\u2019UNA VIDA SALUDABLE\",\"breadcrumb\":{\"@id\":\"https:\\\/\\\/ainalimentaciosana.com\\\/serveis\\\/#breadcrumb\"},\"inLanguage\":\"es\",\"potentialAction\":[{\"@type\":\"ReadAction\",\"target\":[\"https:\\\/\\\/ainalimentaciosana.com\\\/serveis\\\/\"]}]},{\"@type\":\"BreadcrumbList\",\"@id\":\"https:\\\/\\\/ainalimentaciosana.com\\\/serveis\\\/#breadcrumb\",\"itemListElement\":[{\"@type\":\"ListItem\",\"position\":1,\"name\":\"Portada\",\"item\":\"https:\\\/\\\/ainalimentaciosana.com\\\/\"},{\"@type\":\"ListItem\",\"position\":2,\"name\":\"SERVEIS\"}]},{\"@type\":\"WebSite\",\"@id\":\"https:\\\/\\\/ainalimentaciosana.com\\\/#website\",\"url\":\"https:\\\/\\\/ainalimentaciosana.com\\\/\",\"name\":\"Aina Alimentaci\u00f3 Sana\",\"description\":\"\",\"publisher\":{\"@id\":\"https:\\\/\\\/ainalimentaciosana.com\\\/#organization\"},\"potentialAction\":[{\"@type\":\"SearchAction\",\"target\":{\"@type\":\"EntryPoint\",\"urlTemplate\":\"https:\\\/\\\/ainalimentaciosana.com\\\/?s={search_term_string}\"},\"query-input\":{\"@type\":\"PropertyValueSpecification\",\"valueRequired\":true,\"valueName\":\"search_term_string\"}}],\"inLanguage\":\"es\"},{\"@type\":\"Organization\",\"@id\":\"https:\\\/\\\/ainalimentaciosana.com\\\/#organization\",\"name\":\"Aina Alimentaci\u00f3 Sana\",\"url\":\"https:\\\/\\\/ainalimentaciosana.com\\\/\",\"logo\":{\"@type\":\"ImageObject\",\"inLanguage\":\"es\",\"@id\":\"https:\\\/\\\/ainalimentaciosana.com\\\/#\\\/schema\\\/logo\\\/image\\\/\",\"url\":\"https:\\\/\\\/ainalimentaciosana.com\\\/wp-content\\\/uploads\\\/2023\\\/06\\\/Diseno-sin-titulo-4.png\",\"contentUrl\":\"https:\\\/\\\/ainalimentaciosana.com\\\/wp-content\\\/uploads\\\/2023\\\/06\\\/Diseno-sin-titulo-4.png\",\"width\":1080,\"height\":1080,\"caption\":\"Aina Alimentaci\u00f3 Sana\"},\"image\":{\"@id\":\"https:\\\/\\\/ainalimentaciosana.com\\\/#\\\/schema\\\/logo\\\/image\\\/\"}}]}<\/script>\n<!-- \/ Yoast SEO plugin. -->","yoast_head_json":{"title":"SERVEIS - Aina Alimentaci\u00f3 Sana","description":"Vols millorar la teva alimentaci\u00f3 per assolir els teus objectius?L\u2019ALIMENTACI\u00d3 \u00c9S LA BASE D\u2019UNA VIDA SALUDABLE","robots":{"index":"index","follow":"follow","max-snippet":"max-snippet:-1","max-image-preview":"max-image-preview:large","max-video-preview":"max-video-preview:-1"},"canonical":"https:\/\/ainalimentaciosana.com\/es\/serveis\/","og_locale":"es_ES","og_type":"article","og_title":"SERVEIS - Aina Alimentaci\u00f3 Sana","og_description":"Vols millorar la teva alimentaci\u00f3 per assolir els teus objectius?L\u2019ALIMENTACI\u00d3 \u00c9S LA BASE D\u2019UNA VIDA SALUDABLE","og_url":"https:\/\/ainalimentaciosana.com\/es\/serveis\/","og_site_name":"Aina Alimentaci\u00f3 Sana","article_modified_time":"2024-02-19T15:02:21+00:00","twitter_card":"summary_large_image","twitter_misc":{"Tiempo de lectura":"1 minuto"},"schema":{"@context":"https:\/\/schema.org","@graph":[{"@type":"WebPage","@id":"https:\/\/ainalimentaciosana.com\/serveis\/","url":"https:\/\/ainalimentaciosana.com\/serveis\/","name":"SERVEIS - Aina Alimentaci\u00f3 Sana","isPartOf":{"@id":"https:\/\/ainalimentaciosana.com\/#website"},"datePublished":"2023-06-20T14:26:43+00:00","dateModified":"2024-02-19T15:02:21+00:00","description":"Vols millorar la teva alimentaci\u00f3 per assolir els teus objectius?L\u2019ALIMENTACI\u00d3 \u00c9S LA BASE D\u2019UNA VIDA SALUDABLE","breadcrumb":{"@id":"https:\/\/ainalimentaciosana.com\/serveis\/#breadcrumb"},"inLanguage":"es","potentialAction":[{"@type":"ReadAction","target":["https:\/\/ainalimentaciosana.com\/serveis\/"]}]},{"@type":"BreadcrumbList","@id":"https:\/\/ainalimentaciosana.com\/serveis\/#breadcrumb","itemListElement":[{"@type":"ListItem","position":1,"name":"Portada","item":"https:\/\/ainalimentaciosana.com\/"},{"@type":"ListItem","position":2,"name":"SERVEIS"}]},{"@type":"WebSite","@id":"https:\/\/ainalimentaciosana.com\/#website","url":"https:\/\/ainalimentaciosana.com\/","name":"Aina Alimentaci\u00f3 Sana","description":"","publisher":{"@id":"https:\/\/ainalimentaciosana.com\/#organization"},"potentialAction":[{"@type":"SearchAction","target":{"@type":"EntryPoint","urlTemplate":"https:\/\/ainalimentaciosana.com\/?s={search_term_string}"},"query-input":{"@type":"PropertyValueSpecification","valueRequired":true,"valueName":"search_term_string"}}],"inLanguage":"es"},{"@type":"Organization","@id":"https:\/\/ainalimentaciosana.com\/#organization","name":"Aina Alimentaci\u00f3 Sana","url":"https:\/\/ainalimentaciosana.com\/","logo":{"@type":"ImageObject","inLanguage":"es","@id":"https:\/\/ainalimentaciosana.com\/#\/schema\/logo\/image\/","url":"https:\/\/ainalimentaciosana.com\/wp-content\/uploads\/2023\/06\/Diseno-sin-titulo-4.png","contentUrl":"https:\/\/ainalimentaciosana.com\/wp-content\/uploads\/2023\/06\/Diseno-sin-titulo-4.png","width":1080,"height":1080,"caption":"Aina Alimentaci\u00f3 Sana"},"image":{"@id":"https:\/\/ainalimentaciosana.com\/#\/schema\/logo\/image\/"}}]}},"_links":{"self":[{"href":"https:\/\/ainalimentaciosana.com\/es\/wp-json\/wp\/v2\/pages\/86","targetHints":{"allow":["GET"]}}],"collection":[{"href":"https:\/\/ainalimentaciosana.com\/es\/wp-json\/wp\/v2\/pages"}],"about":[{"href":"https:\/\/ainalimentaciosana.com\/es\/wp-json\/wp\/v2\/types\/page"}],"author":[{"embeddable":true,"href":"https:\/\/ainalimentaciosana.com\/es\/wp-json\/wp\/v2\/users\/1"}],"replies":[{"embeddable":true,"href":"https:\/\/ainalimentaciosana.com\/es\/wp-json\/wp\/v2\/comments?post=86"}],"version-history":[{"count":76,"href":"https:\/\/ainalimentaciosana.com\/es\/wp-json\/wp\/v2\/pages\/86\/revisions"}],"predecessor-version":[{"id":972,"href":"https:\/\/ainalimentaciosana.com\/es\/wp-json\/wp\/v2\/pages\/86\/revisions\/972"}],"wp:attachment":[{"href":"https:\/\/ainalimentaciosana.com\/es\/wp-json\/wp\/v2\/media?parent=86"}],"curies":[{"name":"wp","href":"https:\/\/api.w.org\/{rel}","templated":true}]}}