{"id":586,"date":"2023-10-17T14:00:01","date_gmt":"2023-10-17T14:00:01","guid":{"rendered":"https:\/\/ainalimentaciosana.com\/?page_id=586"},"modified":"2025-02-10T10:55:46","modified_gmt":"2025-02-10T10:55:46","slug":"blog","status":"publish","type":"page","link":"https:\/\/ainalimentaciosana.com\/es\/blog\/","title":{"rendered":"BLOG"},"content":{"rendered":"<p>[et_pb_section fb_built=&#8221;1&#8243; admin_label=&#8221;Header&#8221; _builder_version=&#8221;4.21.0&#8243; _module_preset=&#8221;default&#8221; background_color=&#8221;gcid-3220d614-11ef-41f3-b560-a7a4ea239e4a&#8221; background_enable_image=&#8221;off&#8221; custom_padding=&#8221;7px||0px|||&#8221; bottom_divider_style=&#8221;asymmetric&#8221; bottom_divider_color=&#8221;#f8f7f1&#8243; bottom_divider_height=&#8221;420px&#8221; bottom_divider_height_tablet=&#8221;150px&#8221; bottom_divider_height_phone=&#8221;80px&#8221; bottom_divider_height_last_edited=&#8221;on|phone&#8221; locked=&#8221;off&#8221; global_colors_info=&#8221;{%22gcid-b7ae3181-c0a1-4e39-b1c4-5ca6dc7b3094%22:%91%93,%22gcid-3220d614-11ef-41f3-b560-a7a4ea239e4a%22:%91%93}&#8221;][et_pb_row _builder_version=&#8221;4.16&#8243; _module_preset=&#8221;default&#8221; global_colors_info=&#8221;{}&#8221;][et_pb_column type=&#8221;4_4&#8243; _builder_version=&#8221;4.16&#8243; _module_preset=&#8221;default&#8221; global_colors_info=&#8221;{}&#8221;][et_pb_text _builder_version=&#8221;4.21.0&#8243; _module_preset=&#8221;default&#8221; text_font=&#8221;Manrope||||||||&#8221; text_text_color=&#8221;#000000&#8243; header_font=&#8221;Noto Serif||||||||&#8221; header_text_color=&#8221;#000000&#8243; header_font_size=&#8221;50px&#8221; custom_padding=&#8221;||0px|||&#8221; locked=&#8221;off&#8221; global_colors_info=&#8221;{}&#8221;]<\/p>\n<h1>BLOG<\/h1>\n<p>[\/et_pb_text][\/et_pb_column][\/et_pb_row][\/et_pb_section][et_pb_section fb_built=&#8221;1&#8243; admin_label=&#8221;Blog&#8221; _builder_version=&#8221;4.21.0&#8243; _module_preset=&#8221;default&#8221; background_color=&#8221;#F8F7F1&#8243; custom_padding=&#8221;26px||17px|||&#8221; global_colors_info=&#8221;{}&#8221;][et_pb_row column_structure=&#8221;1_3,1_3,1_3&#8243; _builder_version=&#8221;4.21.0&#8243; _module_preset=&#8221;default&#8221; custom_padding=&#8221;9px||2px|||&#8221; global_colors_info=&#8221;{}&#8221;][et_pb_column type=&#8221;1_3&#8243; _builder_version=&#8221;4.21.0&#8243; _module_preset=&#8221;default&#8221; global_colors_info=&#8221;{}&#8221;][et_pb_text _builder_version=&#8221;4.21.0&#8243; _module_preset=&#8221;default&#8221; text_font=&#8221;Manrope||||||||&#8221; link_option_url=&#8221;https:\/\/ainalimentaciosana.com\/benvinguda-tardor\/&#8221; global_colors_info=&#8221;{}&#8221;]<\/p>\n<h2 style=\"text-align: center;\"><a href=\"https:\/\/ainalimentaciosana.com\/benvinguda-tardor\/\">BENVINGUDA TARDOR!<\/a><\/h2>\n<p>[\/et_pb_text][et_pb_image src=&#8221;https:\/\/ainalimentaciosana.com\/wp-content\/uploads\/2023\/10\/asd.jpg&#8221; url=&#8221;https:\/\/ainalimentaciosana.com\/benvinguda-tardor\/&#8221; align=&#8221;center&#8221; _builder_version=&#8221;4.24.1&#8243; _module_preset=&#8221;default&#8221; width_tablet=&#8221;82%&#8221; width_phone=&#8221;82%&#8221; width_last_edited=&#8221;on|tablet&#8221; global_colors_info=&#8221;{}&#8221; width__hover_enabled=&#8221;off|desktop&#8221;][\/et_pb_image][\/et_pb_column][et_pb_column type=&#8221;1_3&#8243; _builder_version=&#8221;4.21.0&#8243; _module_preset=&#8221;default&#8221; global_colors_info=&#8221;{}&#8221;][et_pb_text _builder_version=&#8221;4.21.0&#8243; _module_preset=&#8221;default&#8221; global_colors_info=&#8221;{}&#8221;]<\/p>\n<h2 style=\"text-align: center;\"><span style=\"color: #000000;\"><a href=\"https:\/\/ainalimentaciosana.com\/retencio-de-liquids\/\" style=\"color: #000000;\">RETENCI\u00d3 DE L\u00cdQUIDS<\/a><\/span><\/h2>\n<p>[\/et_pb_text][et_pb_image src=&#8221;https:\/\/ainalimentaciosana.com\/wp-content\/uploads\/2024\/02\/Diseno-sin-titulo.png&#8221; title_text=&#8221;Dise\u00f1o sin t\u00edtulo&#8221; url=&#8221;https:\/\/ainalimentaciosana.com\/retencio-de-liquids\/&#8221; align=&#8221;center&#8221; _builder_version=&#8221;4.21.0&#8243; _module_preset=&#8221;default&#8221; global_colors_info=&#8221;{}&#8221;][\/et_pb_image][\/et_pb_column][et_pb_column type=&#8221;1_3&#8243; _builder_version=&#8221;4.21.0&#8243; _module_preset=&#8221;default&#8221; global_colors_info=&#8221;{}&#8221;][et_pb_text _builder_version=&#8221;4.21.0&#8243; _module_preset=&#8221;default&#8221; global_colors_info=&#8221;{}&#8221;]<\/p>\n<h2 style=\"text-align: center;\"><span style=\"color: #000000;\"><a href=\"https:\/\/ainalimentaciosana.com\/estrenyiment\/\" style=\"color: #000000;\">ESTRENYIMENT<\/a><\/span><\/h2>\n<p>[\/et_pb_text][et_pb_image src=&#8221;https:\/\/ainalimentaciosana.com\/wp-content\/uploads\/2024\/02\/Diseno-sin-titulo-2.png&#8221; title_text=&#8221;Estrenyiment&#8221; url=&#8221;https:\/\/ainalimentaciosana.com\/estrenyiment\/&#8221; align=&#8221;center&#8221; _builder_version=&#8221;4.21.0&#8243; _module_preset=&#8221;default&#8221; module_alignment=&#8221;center&#8221; global_colors_info=&#8221;{}&#8221;][\/et_pb_image][\/et_pb_column][\/et_pb_row][et_pb_row disabled_on=&#8221;on|on|on&#8221; _builder_version=&#8221;4.27.0&#8243; _module_preset=&#8221;default&#8221; hover_enabled=&#8221;0&#8243; disabled=&#8221;on&#8221; global_colors_info=&#8221;{}&#8221; sticky_enabled=&#8221;0&#8243;][et_pb_column type=&#8221;4_4&#8243; _builder_version=&#8221;4.27.0&#8243; _module_preset=&#8221;default&#8221; global_colors_info=&#8221;{}&#8221;][et_pb_blog fullwidth=&#8221;off&#8221; include_categories=&#8221;current&#8221; excerpt_length=&#8221;200&#8243; _builder_version=&#8221;4.27.0&#8243; _module_preset=&#8221;default&#8221; global_colors_info=&#8221;{}&#8221;][\/et_pb_blog][\/et_pb_column][\/et_pb_row][\/et_pb_section]<\/p>\n","protected":false},"excerpt":{"rendered":"<p>BLOGBENVINGUDA TARDOR!RETENCI\u00d3 DE L\u00cdQUIDSESTRENYIMENT<\/p>","protected":false},"author":1,"featured_media":0,"parent":0,"menu_order":0,"comment_status":"closed","ping_status":"closed","template":"","meta":{"_et_pb_use_builder":"on","_et_pb_old_content":"","_et_gb_content_width":"","_joinchat":[],"footnotes":""},"class_list":["post-586","page","type-page","status-publish","hentry"],"yoast_head":"<!-- This site is optimized with the Yoast SEO plugin v27.3 - https:\/\/yoast.com\/product\/yoast-seo-wordpress\/ -->\n<title>BLOG - Aina Alimentaci\u00f3 Sana<\/title>\n<meta name=\"robots\" content=\"index, follow, max-snippet:-1, max-image-preview:large, max-video-preview:-1\" \/>\n<link rel=\"canonical\" href=\"https:\/\/ainalimentaciosana.com\/es\/blog\/\" \/>\n<meta property=\"og:locale\" content=\"es_ES\" \/>\n<meta property=\"og:type\" content=\"article\" \/>\n<meta property=\"og:title\" content=\"BLOG - Aina Alimentaci\u00f3 Sana\" \/>\n<meta property=\"og:description\" content=\"BLOGBENVINGUDA TARDOR!RETENCI\u00d3 DE L\u00cdQUIDSESTRENYIMENT\" \/>\n<meta property=\"og:url\" content=\"https:\/\/ainalimentaciosana.com\/es\/blog\/\" \/>\n<meta property=\"og:site_name\" content=\"Aina Alimentaci\u00f3 Sana\" \/>\n<meta property=\"article:modified_time\" content=\"2025-02-10T10:55:46+00:00\" \/>\n<meta name=\"twitter:card\" content=\"summary_large_image\" \/>\n<script type=\"application\/ld+json\" class=\"yoast-schema-graph\">{\"@context\":\"https:\\\/\\\/schema.org\",\"@graph\":[{\"@type\":\"WebPage\",\"@id\":\"https:\\\/\\\/ainalimentaciosana.com\\\/blog\\\/\",\"url\":\"https:\\\/\\\/ainalimentaciosana.com\\\/blog\\\/\",\"name\":\"BLOG - Aina Alimentaci\u00f3 Sana\",\"isPartOf\":{\"@id\":\"https:\\\/\\\/ainalimentaciosana.com\\\/#website\"},\"datePublished\":\"2023-10-17T14:00:01+00:00\",\"dateModified\":\"2025-02-10T10:55:46+00:00\",\"breadcrumb\":{\"@id\":\"https:\\\/\\\/ainalimentaciosana.com\\\/blog\\\/#breadcrumb\"},\"inLanguage\":\"es\",\"potentialAction\":[{\"@type\":\"ReadAction\",\"target\":[\"https:\\\/\\\/ainalimentaciosana.com\\\/blog\\\/\"]}]},{\"@type\":\"BreadcrumbList\",\"@id\":\"https:\\\/\\\/ainalimentaciosana.com\\\/blog\\\/#breadcrumb\",\"itemListElement\":[{\"@type\":\"ListItem\",\"position\":1,\"name\":\"Portada\",\"item\":\"https:\\\/\\\/ainalimentaciosana.com\\\/\"},{\"@type\":\"ListItem\",\"position\":2,\"name\":\"BLOG\"}]},{\"@type\":\"WebSite\",\"@id\":\"https:\\\/\\\/ainalimentaciosana.com\\\/#website\",\"url\":\"https:\\\/\\\/ainalimentaciosana.com\\\/\",\"name\":\"Aina Alimentaci\u00f3 Sana\",\"description\":\"\",\"publisher\":{\"@id\":\"https:\\\/\\\/ainalimentaciosana.com\\\/#organization\"},\"potentialAction\":[{\"@type\":\"SearchAction\",\"target\":{\"@type\":\"EntryPoint\",\"urlTemplate\":\"https:\\\/\\\/ainalimentaciosana.com\\\/?s={search_term_string}\"},\"query-input\":{\"@type\":\"PropertyValueSpecification\",\"valueRequired\":true,\"valueName\":\"search_term_string\"}}],\"inLanguage\":\"es\"},{\"@type\":\"Organization\",\"@id\":\"https:\\\/\\\/ainalimentaciosana.com\\\/#organization\",\"name\":\"Aina Alimentaci\u00f3 Sana\",\"url\":\"https:\\\/\\\/ainalimentaciosana.com\\\/\",\"logo\":{\"@type\":\"ImageObject\",\"inLanguage\":\"es\",\"@id\":\"https:\\\/\\\/ainalimentaciosana.com\\\/#\\\/schema\\\/logo\\\/image\\\/\",\"url\":\"https:\\\/\\\/ainalimentaciosana.com\\\/wp-content\\\/uploads\\\/2023\\\/06\\\/Diseno-sin-titulo-4.png\",\"contentUrl\":\"https:\\\/\\\/ainalimentaciosana.com\\\/wp-content\\\/uploads\\\/2023\\\/06\\\/Diseno-sin-titulo-4.png\",\"width\":1080,\"height\":1080,\"caption\":\"Aina Alimentaci\u00f3 Sana\"},\"image\":{\"@id\":\"https:\\\/\\\/ainalimentaciosana.com\\\/#\\\/schema\\\/logo\\\/image\\\/\"}}]}<\/script>\n<!-- \/ Yoast SEO plugin. -->","yoast_head_json":{"title":"BLOG - Aina Alimentaci\u00f3 Sana","robots":{"index":"index","follow":"follow","max-snippet":"max-snippet:-1","max-image-preview":"max-image-preview:large","max-video-preview":"max-video-preview:-1"},"canonical":"https:\/\/ainalimentaciosana.com\/es\/blog\/","og_locale":"es_ES","og_type":"article","og_title":"BLOG - Aina Alimentaci\u00f3 Sana","og_description":"BLOGBENVINGUDA TARDOR!RETENCI\u00d3 DE L\u00cdQUIDSESTRENYIMENT","og_url":"https:\/\/ainalimentaciosana.com\/es\/blog\/","og_site_name":"Aina Alimentaci\u00f3 Sana","article_modified_time":"2025-02-10T10:55:46+00:00","twitter_card":"summary_large_image","schema":{"@context":"https:\/\/schema.org","@graph":[{"@type":"WebPage","@id":"https:\/\/ainalimentaciosana.com\/blog\/","url":"https:\/\/ainalimentaciosana.com\/blog\/","name":"BLOG - Aina Alimentaci\u00f3 Sana","isPartOf":{"@id":"https:\/\/ainalimentaciosana.com\/#website"},"datePublished":"2023-10-17T14:00:01+00:00","dateModified":"2025-02-10T10:55:46+00:00","breadcrumb":{"@id":"https:\/\/ainalimentaciosana.com\/blog\/#breadcrumb"},"inLanguage":"es","potentialAction":[{"@type":"ReadAction","target":["https:\/\/ainalimentaciosana.com\/blog\/"]}]},{"@type":"BreadcrumbList","@id":"https:\/\/ainalimentaciosana.com\/blog\/#breadcrumb","itemListElement":[{"@type":"ListItem","position":1,"name":"Portada","item":"https:\/\/ainalimentaciosana.com\/"},{"@type":"ListItem","position":2,"name":"BLOG"}]},{"@type":"WebSite","@id":"https:\/\/ainalimentaciosana.com\/#website","url":"https:\/\/ainalimentaciosana.com\/","name":"Aina Alimentaci\u00f3 Sana","description":"","publisher":{"@id":"https:\/\/ainalimentaciosana.com\/#organization"},"potentialAction":[{"@type":"SearchAction","target":{"@type":"EntryPoint","urlTemplate":"https:\/\/ainalimentaciosana.com\/?s={search_term_string}"},"query-input":{"@type":"PropertyValueSpecification","valueRequired":true,"valueName":"search_term_string"}}],"inLanguage":"es"},{"@type":"Organization","@id":"https:\/\/ainalimentaciosana.com\/#organization","name":"Aina Alimentaci\u00f3 Sana","url":"https:\/\/ainalimentaciosana.com\/","logo":{"@type":"ImageObject","inLanguage":"es","@id":"https:\/\/ainalimentaciosana.com\/#\/schema\/logo\/image\/","url":"https:\/\/ainalimentaciosana.com\/wp-content\/uploads\/2023\/06\/Diseno-sin-titulo-4.png","contentUrl":"https:\/\/ainalimentaciosana.com\/wp-content\/uploads\/2023\/06\/Diseno-sin-titulo-4.png","width":1080,"height":1080,"caption":"Aina Alimentaci\u00f3 Sana"},"image":{"@id":"https:\/\/ainalimentaciosana.com\/#\/schema\/logo\/image\/"}}]}},"_links":{"self":[{"href":"https:\/\/ainalimentaciosana.com\/es\/wp-json\/wp\/v2\/pages\/586","targetHints":{"allow":["GET"]}}],"collection":[{"href":"https:\/\/ainalimentaciosana.com\/es\/wp-json\/wp\/v2\/pages"}],"about":[{"href":"https:\/\/ainalimentaciosana.com\/es\/wp-json\/wp\/v2\/types\/page"}],"author":[{"embeddable":true,"href":"https:\/\/ainalimentaciosana.com\/es\/wp-json\/wp\/v2\/users\/1"}],"replies":[{"embeddable":true,"href":"https:\/\/ainalimentaciosana.com\/es\/wp-json\/wp\/v2\/comments?post=586"}],"version-history":[{"count":32,"href":"https:\/\/ainalimentaciosana.com\/es\/wp-json\/wp\/v2\/pages\/586\/revisions"}],"predecessor-version":[{"id":1118,"href":"https:\/\/ainalimentaciosana.com\/es\/wp-json\/wp\/v2\/pages\/586\/revisions\/1118"}],"wp:attachment":[{"href":"https:\/\/ainalimentaciosana.com\/es\/wp-json\/wp\/v2\/media?parent=586"}],"curies":[{"name":"wp","href":"https:\/\/api.w.org\/{rel}","templated":true}]}}